{"id":2387,"date":"2018-11-27T14:18:05","date_gmt":"2018-11-27T14:18:05","guid":{"rendered":"https:\/\/www.on-cloud.pro\/?page_id=2387"},"modified":"2020-05-28T11:10:11","modified_gmt":"2020-05-28T09:10:11","slug":"svetainiu-ir-elektroninio-pasto-talpinimo-sutartis","status":"publish","type":"page","link":"https:\/\/www.on-cloud.pro\/index.php\/svetainiu-ir-elektroninio-pasto-talpinimo-sutartis\/","title":{"rendered":"Svetaini\u0173 ir elektroninio pa\u0161to talpinimo sutartis"},"content":{"rendered":"<p><strong>UAB \u201eEnesola\u201c svetaini\u0173 ir elektroninio pa\u0161to talpinimo sutartis<\/strong><\/p>\n<p><strong>1. Sutarties objektas<\/strong><br \/>\n1.1. UAB \u201eEnesola\u201c \u012fsipareigoja suteikti Klientui teis\u0119 pagal pasirinkt\u0105 plan\u0105 naudotis serverio resursais, svetain\u0117s ir el. pa\u0161to talpinimui (toliau Paslauga), Klientui j\u012f u\u017esakius ir sumok\u0117jus nustatyt\u0105 mokest\u012f.<br \/>\n1.2. Klientas sutinka su UAB \u201eEnesola\u201c <a href=\"https:\/\/www.on-cloud.pro\/index.php\/privacy-policy\/\" target=\"_blank\" rel=\"noopener noreferrer\">privatumo politika<\/a> bei asmens duomen\u0173 tvarkymo <a href=\"https:\/\/www.on-cloud.pro\/index.php\/asmens-duomenu-tvarkymo-aprasas\/\" target=\"_blank\" rel=\"noopener noreferrer\">apra\u0161u<\/a>.<br \/>\n1.3. \u0160i\u0105 paslaug\u0173 teikimo sutart\u012f turi priimti ir jos laikytis visi Klientai u\u017esak\u0119 svetain\u0117s ir elektroninio pa\u0161to talpinimo paslaug\u0105, jeigu atskirai ra\u0161tu nesusitarta kitaip.<\/p>\n<p><strong>2. \u012ekainiai ir atsiskaitymo tvarka<\/strong><br \/>\n2.1. M\u0117nesinis mokestis u\u017e serverio resurs\u0173 nuom\u0105 yra nurodytas UAB \u201eEnesola\u201c paruo\u0161toje i\u0161ankstin\u0117je s\u0105skaitoje. Paslauga apmokama i\u0161 anksto u\u017e sutart\u0105 laikotarp\u012f.<br \/>\n2.2. Paslaug\u0105 Klientas privalo apmok\u0117ti UAB \u201eEnesola\u201c ne v\u0117liau kaip iki s\u0105skaitoje apmok\u0117jimui nurodyto termino. Laiku neapmok\u0117jus s\u0105skaitos, UAB \u201eEnesola\u201c turi teis\u0119 taikyti papildom\u0105 mokest\u012f u\u017e anuliuotos paslaugos atstatym\u0105.<br \/>\n2.3. Paslaugos parametrai yra nurodyti <a href=\"https:\/\/www.on-cloud.pro\">https:\/\/www.on-cloud.pro<\/a> svetain\u0117je.<br \/>\n2.4. UAB \u201eEnesola\u201c pasilieka sau teis\u0119 keisti \u012fkainius, apie tai informavusi Klient\u0105 ne v\u0117liau kaip prie\u0161 1 (vien\u0105) m\u0117nes\u012f iki kito ataskaitinio laikotarpio.<br \/>\n2.5. Klientas sutinka gauti UAB \u201eEnesola\u201c siun\u010diamus prane\u0161imus bei s\u0105skaitas elektroniniu formatu.<br \/>\n2.6. Kliento pav\u0117luotai sumok\u0117tos \u012fmokos paskirstomos laikantis CK 6.54 str. numatytos tvarkos bei pirmiausia \u0161ias \u012fmokas skiriant mok\u0117ti seniausiems \u012fsiskolinimams.<br \/>\n2.7. Negav\u0119s s\u0105skaitos, Klientas turi kreiptis \u012f UAB \u201eEnesola\u201c d\u0117l s\u0105skaitos kopijos arba, su prisijungimo vardu ir slapta\u017eod\u017eiu prisijung\u0119s prie paslaug\u0173<a href=\"https:\/\/csp.on-cloud.pro\" target=\"_blank\" rel=\"noopener noreferrer\"> valdymo sistemos<\/a>, per\u017ei\u016br\u0117ti ir atsispausdinti reikiamos s\u0105skaitos kopij\u0105 bei atsiskaityti u\u017e paslaugas pagal \u0161i\u0105 s\u0105skaitos kopij\u0105.<\/p>\n<p><strong>3. \u0160ali\u0173 pareigos<\/strong><br \/>\n3.1. <em>UAB \u201eEnesola\u201c \u012fsipareigoja:<\/em><br \/>\n3.1.1. Ne v\u0117liau kaip per 3 (tris) darbo dienas nuo Sutarties 2.2 punkte nurodytos prievol\u0117s \u012fvykdymo, suteikti Klientui teis\u0119 naudotis Sutarties 2.3 punkte nurodytais serverio resursais apmok\u0117tam laikotarpiui.<br \/>\n3.1.2. Ne v\u0117liau kaip likus 14 (keturiolikai) kalendorini\u0173 dien\u0173 iki Paslaugos galiojimo pabaigos, i\u0161si\u0173sti Kliento nurodytu el. pa\u0161to adresu s\u0105skait\u0105 apmok\u0117jimui u\u017e Paslaugos galiojimo prat\u0119sim\u0105.<br \/>\n3.1.3. Ne v\u0117liau kaip per 1 (vien\u0105) par\u0105 pa\u0161alinti Paslaugos teikimo sutrikimus, \u012fvykusius d\u0117l UAB \u201eEnesola\u201c technin\u0117s ar programin\u0117s \u012frangos gedimo.<br \/>\n3.1.4 Imtis b\u016btin\u0173 priemoni\u0173 Kliento patalpintos informacijos saugumui u\u017etikrinti.<br \/>\n3.1.5. UAB \u201eEnesola\u201c turi teis\u0119 be i\u0161ankstinio \u012fsp\u0117jimo i\u0161jungti Kliento svetain\u0119, jei \u012f svetain\u0119 yra nukreipta DDoS ataka, arba svetain\u0117s veikimas sukelia trikd\u017eius UAB \u201eEnesola\u201c technin\u0117je platformoje.<br \/>\n3.1.6. U\u017etikrinti Kliento suteiktos informacijos konfidencialum\u0105.<br \/>\n<em><br \/>\n3.2.Klientas \u012fsipareigoja:<\/em><br \/>\n3.2.1. Pateikti teising\u0105 Klient\u0105 identifikuojan\u010di\u0105 bei kontaktin\u0119 informacij\u0105 ir savalaikiai informuoti apie jos pasikeitimus. UAB \u201eEnesola\u201c pareikalavus, pateikti nurodytos informacijos tikrum\u0105 patvirtinan\u010dius dokumentus.<br \/>\n3.2.2. Saugoti UAB \u201eEnesola\u201c suteiktus prisijungimo duomenis.<br \/>\n3.2.3. Draud\u017eiama skelbti, saugoti, archyvuoti informacij\u0105, kurioje propaguojama, platinama ar reklamuojama pornografija, smurtas ar kita neleistina veikla, kuri yra \u0161mei\u017eian\u010dio, \u017eeminan\u010dio, grasinan\u010dio pob\u016bd\u017eio, \u017eeid\u017eia \u017emogaus laisv\u0119 ir orum\u0105, kursto tautin\u0119, rasin\u0119, religin\u0119, socialin\u0119 bei ly\u010di\u0173 neapykant\u0105, pa\u017eeid\u017eia asmens teis\u0117 \u012f privatum\u0105, atskleid\u017eia komercines paslaptis, pa\u017eeid\u017eia intelektin\u0117s nuosavyb\u0117s teises, taip pat kita informacija, kuri\u0105 draud\u017eia ar riboja LR \u012fstatymai ar tarptautiniai susitarimai.<br \/>\n3.2.4. Naudojantis paslaugomis draud\u017eiama atlikti veiksmus, kuriais galima neigiamai paveikti kompiuterinius tinklus ar atskirus tinklo \u012frenginius. Skelbti informacij\u0105, kuri gali b\u016bti naudojama nepageidaujam\u0173 el. pa\u0161to lai\u0161k\u0173 (SPAM), kompiuteri\u0173 virus\u0173, kenk\u0117ji\u0161k\u0173 program\u0173 arba kitokios, kenkian\u010dios kompiuterinei \u012frangai informacijos siuntimui.<br \/>\n3.2.5. Aptikus draud\u017eiam\u0105 informacij\u0105 ar kitokius draud\u017eiamus veiksmus, UAB \u201eEnesola\u201c be atskiro \u012fsp\u0117jimo turi teis\u0119 sustabdyti arba nutraukti paslaugos teikim\u0105, pa\u0161alinti tokio turinio informacij\u0105 ir \u012fstatymo nustatytais atvejais ir tvarka perduoti informacij\u0105 apie tai atitinkamoms institucijoms.<br \/>\n3.2.6. Nedelsiant informuoti UAB \u201eEnesola\u201c apie Paslaugos teikimo sutrikimus.<br \/>\n3.2.7. Sutikti su UAB \u201eEnesola\u201c pateiktais resurs\u0173 apskaitos duomenimis ir apmok\u0117ti u\u017e sunaudotus serverio resursus pagal Klientui paruo\u0161t\u0105 s\u0105skait\u0105 apmok\u0117jimui.<\/p>\n<p><strong>4. \u0160ali\u0173 atsakomyb\u0117<\/strong><br \/>\n4.1. UAB \u201eEnesola\u201c yra atsakinga u\u017e atvejus, kai nebuvo \u012fvykdyti Sutarties 3.1 punkte i\u0161vardinti \u012fsipareigojimai, jeigu tokie atvejai i\u0161kilo d\u0117l UAB \u201eEnesola\u201c kalt\u0117s.<br \/>\n4.2. UAB \u201eEnesola\u201c n\u0117ra atsakinga u\u017e Kliento informacijos saugojim\u0105 pasibaigus Sutarties galiojimui.<br \/>\n4.3. Klientas prisiima vis\u0105 atsakomyb\u0119 kilus gin\u010dytiniems klausimams d\u0117l jam suteikt\u0173 serverio resurs\u0173 naudojimo teis\u0117tumo.<br \/>\n4.4. N\u0117 viena i\u0161 \u0161ali\u0173 neatsako u\u017e netiesiogini\u0173 nuostoli\u0173 atlyginim\u0105 kitai Sutarties \u0161aliai.<\/p>\n<p><strong>5. Sutarties galiojimas<\/strong><br \/>\n5.1. Sutartis yra neterminuota.<br \/>\n5.2. Sutartis \u012fsigalioja nuo to momento, kai Klientas pateikia UAB \u201eEnesola\u201c Sutarties 1.1 punkte i\u0161vardint\u0173 paslaug\u0173 u\u017esakym\u0105 ir \u012fvykdo Sutarties 2.2 punkte numatyt\u0105 prievol\u0119.<br \/>\n5.3. Sutartis netenka galios Klientui ne\u012fvykd\u017eius bent vieno \u0161ia Sutartimi prisiimto \u012fsipareigojimo.<br \/>\n5.4. Klientas turi teis\u0119 viena\u0161ali\u0161kai nutraukti Sutart\u012f apie tai informav\u0119s UAB \u201eEnesola\u201c. U\u017esakovui gr\u0105\u017einamos sumok\u0117tos \u012fmokos tik tuo atveju, jei Sutartis U\u017esakovo iniciatyva nutraukiama per 30 (trisde\u0161imt) kalendorini\u0173 dien\u0173 nuo jos \u012fsigaliojimo momento.<\/p>\n<p><strong>6. Kitos nuostatos<\/strong><br \/>\n6.1. Sutartyje nenumatyti klausimai sprend\u017eiami abipusiu sutarimu arba pagal galiojan\u010dius Lietuvos Respublikos teis\u0117s aktus.<br \/>\n6.2. Jei \u0161alims nepavyksta gin\u010do ar nesutarimo i\u0161spr\u0119sti deryb\u0173 b\u016bdu, gin\u010das gali b\u016bti sprend\u017eiamas Lietuvos Respublikos teisme Kaune (pagal UAB \u201eEnesola\u201c buvein\u0117s adres\u0105) Lietuvos Respublikos teis\u0117s akt\u0173 nustatyta tvarka.<\/p>\n","protected":false},"excerpt":{"rendered":"<p>UAB \u201eEnesola\u201c svetaini\u0173 ir elektroninio pa\u0161to talpinimo sutartis 1. Sutarties objektas 1.1. UAB \u201eEnesola\u201c \u012fsipareigoja suteikti Klientui teis\u0119 pagal pasirinkt\u0105 plan\u0105 naudotis serverio resursais, svetain\u0117s ir el. pa\u0161to talpinimui (toliau Paslauga), Klientui j\u012f u\u017esakius ir sumok\u0117jus nustatyt\u0105 mokest\u012f. 1.2. Klientas sutinka su UAB \u201eEnesola\u201c privatumo politika bei asmens duomen\u0173 tvarkymo apra\u0161u. 1.3. \u0160i\u0105 paslaug\u0173 teikimo sutart\u012f turi priimti ir jos laikytis visi Klientai u\u017esak\u0119 svetain\u0117s ir elektroninio pa\u0161to talpinimo paslaug\u0105, jeigu atskirai ra\u0161tu nesusitarta kitaip. 2. \u012ekainiai ir atsiskaitymo tvarka 2.1. M\u0117nesinis mokestis u\u017e serverio resurs\u0173 nuom\u0105 yra nurodytas UAB \u201eEnesola\u201c paruo\u0161toje i\u0161ankstin\u0117je s\u0105skaitoje. Paslauga apmokama i\u0161 anksto u\u017e sutart\u0105 [&hellip;]<\/p>\n","protected":false},"author":1,"featured_media":0,"parent":0,"menu_order":0,"comment_status":"closed","ping_status":"closed","template":"","meta":{"footnotes":""},"class_list":["post-2387","page","type-page","status-publish","hentry"],"_links":{"self":[{"href":"https:\/\/www.on-cloud.pro\/index.php\/wp-json\/wp\/v2\/pages\/2387"}],"collection":[{"href":"https:\/\/www.on-cloud.pro\/index.php\/wp-json\/wp\/v2\/pages"}],"about":[{"href":"https:\/\/www.on-cloud.pro\/index.php\/wp-json\/wp\/v2\/types\/page"}],"author":[{"embeddable":true,"href":"https:\/\/www.on-cloud.pro\/index.php\/wp-json\/wp\/v2\/users\/1"}],"replies":[{"embeddable":true,"href":"https:\/\/www.on-cloud.pro\/index.php\/wp-json\/wp\/v2\/comments?post=2387"}],"version-history":[{"count":6,"href":"https:\/\/www.on-cloud.pro\/index.php\/wp-json\/wp\/v2\/pages\/2387\/revisions"}],"predecessor-version":[{"id":2817,"href":"https:\/\/www.on-cloud.pro\/index.php\/wp-json\/wp\/v2\/pages\/2387\/revisions\/2817"}],"wp:attachment":[{"href":"https:\/\/www.on-cloud.pro\/index.php\/wp-json\/wp\/v2\/media?parent=2387"}],"curies":[{"name":"wp","href":"https:\/\/api.w.org\/{rel}","templated":true}]}}