{"id":2465,"date":"2019-01-11T13:21:06","date_gmt":"2019-01-11T11:21:06","guid":{"rendered":"https:\/\/www.on-cloud.pro\/?page_id=2465"},"modified":"2023-06-14T11:22:08","modified_gmt":"2023-06-14T09:22:08","slug":"office-365","status":"publish","type":"page","link":"https:\/\/www.on-cloud.pro\/index.php\/office-365\/","title":{"rendered":"Microsoft Office 365"},"content":{"rendered":"<div class=\"wpb-content-wrapper\"><p>[vc_row][vc_column][vc_column_text]<\/p>\r\n<h2 class=\"wp-block-heading\">Kas yra \u201eOffice 365\u201c?<\/h2>\r\n<p>\r\n\r\n<br \/>\u201eOffice 365\u201c yra prenumeruojama debesies tarnyba, kurioje yra geriausi \u012frankiai \u0161iuolaikiniam darbui. Sujungusi geriausias savo klas\u0117s programas, pvz., \u201eExcel\u201c ir \u201eOutlook\u201c su galingomis debesies tarnybomis, pvz., \u201eOneDrive\u201c ir \u201eMicrosoft Teams\u201c, \u201eOffice 365\u201c suteikia galimyb\u0119 kurti ir bendrinti i\u0161 bet kurios vietos, bet kokiu \u012frenginiu.<\/p>\r\n<p>[\/vc_column_text][\/vc_column][\/vc_row][vc_row][vc_column width=&#8221;1\/3&#8243;]\n    <!-- Pricing Table Area Start -->\n    <div id=\"pricint-table69f26afac4569-3139\" class=\"single-ch-plan text-center\" data-delay=\"\">\n        \n        <h3>Microsoft 365 Business Basic<\/h3><p><span class=\"price\"><sup>\u20ac<\/sup>6.72<\/span><span class=\"time\">\/m\u0117n.<\/span><\/p><ul><li><i class=\"fas fa-caret-right\"><\/i>\u201eWord\u201c, \u201eExcel\u201c ir \u201ePowerPoint\u201c \u017einiatinklio versijos<\/li><li><i class=\"fas fa-caret-right\"><\/i>El. pa\u0161to i\u0161tekli\u0173 nuoma su 50 GB pa\u0161to d\u0117\u017eute ir pasirinktiniu el. pa\u0161to domeno adresu<\/li><li><i class=\"fas fa-caret-right\"><\/i>\u012emon\u0117s intranetas ir komand\u0173 svetain\u0117s naudojant \u201eSharePoint\u201c <\/li><li><i class=\"fas fa-caret-right\"><\/i>Susitikimai internetu ir vaizdo konferencijos iki 250 \u017emoni\u0173<\/li><li><i class=\"fas fa-caret-right\"><\/i>Komandinio darbo centras, suteikiantis komandoms galimyb\u0119 bendrai dirbti naudojant \u201eMicrosoft Teams\u201c<\/li><li><i class=\"fas fa-caret-right\"><\/i>U\u017eduo\u010di\u0173 ir komandinio darbo valdymas naudojant \u201eMicrosoft Planner\u201c<\/li><li><i class=\"fas fa-caret-right\"><\/i>Viena licencija apima visafunkces \u012fdiegtas \u201eOffice\u201c programas 5 telefonuose, 5 plan\u0161etiniuose kompiuteriuose vienam vartotojui<\/li><li><i class=\"fas fa-caret-right\"><\/i>Fail\u0173 saugykla ir bendrinimas su 1 TB \u201eOneDrive\u201c saugykla (vienam vartotojui)<\/li><\/ul><a href=\"https:\/\/csp.on-cloud.pro\/cart.php?a=add&#038;pid=14\" class=\"btn btn-secondary\">U\u017esakyti<\/a>\n    <\/div>\n    <!-- Pricing Table Area End -->\n\n\t[\/vc_column][vc_column width=&#8221;1\/3&#8243;]\n    <!-- Pricing Table Area Start -->\n    <div id=\"pricint-table69f26afac4658-7540\" class=\"single-ch-plan text-center\" data-delay=\"\">\n        \n        <h3>Microsoft 365 Apps<\/h3><p><span class=\"price\"><sup>\u20ac<\/sup>11.76<\/span><span class=\"time\">\/m\u0117n.<\/span><\/p><ul><li><i class=\"fas fa-caret-right\"><\/i>\u201eWord\u201c, \u201eExcel\u201c ir \u201ePowerPoint\u201c \u017einiatinklio versijos<\/li><li><i class=\"fas fa-caret-right\"><\/i>\u201eOffice\u201c kompiuterio programos: \u201eOutlook\u201c, \u201eWord\u201c, \u201eExcel\u201c, \u201ePowerPoint\u201c, \u201eOneNote\u201c (taip pat \u201eAccess\u201c ir \u201ePublisher\u201c tik asmeniniams kompiuteriams)<\/li><li><i class=\"fas fa-caret-right\"><\/i>Viena licencija apima visafunkces \u012fdiegtas \u201eOffice\u201c programas 5 telefonuose, 5 plan\u0161etiniuose kompiuteriuose ir 5 asmeniniuose arba \u201eMac\u201c kompiuteriuose vienam vartotojui<\/li><li><i class=\"fas fa-caret-right\"><\/i>Fail\u0173 saugykla ir bendrinimas su 1 TB \u201eOneDrive\u201c saugykla (vienam vartotojui)<\/li><\/ul><a href=\"https:\/\/csp.on-cloud.pro\/cart.php?a=add&#038;pid=12\" class=\"btn btn-secondary\">U\u017esakyti<\/a>\n    <\/div>\n    <!-- Pricing Table Area End -->\n\n\t[\/vc_column][vc_column width=&#8221;1\/3&#8243;]\n    <!-- Pricing Table Area Start -->\n    <div id=\"pricint-table69f26afac46bb-4795\" class=\"single-ch-plan text-center\" data-delay=\"\">\n        \n        <h3>Microsoft 365 Business Standard<\/h3><p><span class=\"price\"><sup>\u20ac<\/sup>14.04<\/span><span class=\"time\">\/m\u0117n.<\/span><\/p><ul><li><i class=\"fas fa-caret-right\"><\/i>\u201eWord\u201c, \u201eExcel\u201c ir \u201ePowerPoint\u201c \u017einiatinklio versijos<\/li><li><i class=\"fas fa-caret-right\"><\/i>\u201eOffice\u201c kompiuterio programos: \u201eOutlook\u201c, \u201eWord\u201c, \u201eExcel\u201c, \u201ePowerPoint\u201c, \u201eOneNote\u201c (taip pat \u201eAccess\u201c ir \u201ePublisher\u201c tik asmeniniams kompiuteriams)<\/li><li><i class=\"fas fa-caret-right\"><\/i>Viena licencija apima visafunkces \u012fdiegtas \u201eOffice\u201c programas 5 telefonuose, 5 plan\u0161etiniuose kompiuteriuose ir 5 asmeniniuose arba \u201eMac\u201c kompiuteriuose vienam vartotojui<\/li><li><i class=\"fas fa-caret-right\"><\/i>El. pa\u0161to i\u0161tekli\u0173 nuoma su 50 GB pa\u0161to d\u0117\u017eute ir pasirinktiniu el. pa\u0161to domeno adresu<\/li><li><i class=\"fas fa-caret-right\"><\/i>\u012emon\u0117s intranetas ir komand\u0173 svetain\u0117s naudojant \u201eSharePoint\u201c<\/li><li><i class=\"fas fa-caret-right\"><\/i>Komandinio darbo centras, suteikiantis komandoms galimyb\u0119 bendrai dirbti naudojant \u201eMicrosoft Teams\u201c<\/li><li><i class=\"fas fa-caret-right\"><\/i>U\u017eduo\u010di\u0173 ir komandinio darbo valdymas naudojant \u201eMicrosoft Planner\u201c<\/li><li><i class=\"fas fa-caret-right\"><\/i>Fail\u0173 saugykla ir bendrinimas su 1 TB \u201eOneDrive\u201c saugykla (vienam vartotojui)<\/li><\/ul><a href=\"https:\/\/csp.on-cloud.pro\/cart.php?a=add&#038;pid=11\" class=\"btn btn-secondary\">U\u017esakyti<\/a>\n    <\/div>\n    <!-- Pricing Table Area End -->\n\n\t[\/vc_column][\/vc_row][vc_row][vc_column][vc_column_text]<\/p>\r\n<p style=\"text-align: center;\">Kainos nurodytos be PVM<\/p>\r\n<p>[\/vc_column_text][\/vc_column][\/vc_row]<\/p><\/div>","protected":false},"excerpt":{"rendered":"<p>[vc_row][vc_column][vc_column_text] Kas yra \u201eOffice 365\u201c? \u201eOffice 365\u201c yra prenumeruojama debesies tarnyba, kurioje yra geriausi \u012frankiai \u0161iuolaikiniam darbui. Sujungusi geriausias savo klas\u0117s programas, pvz., \u201eExcel\u201c ir \u201eOutlook\u201c su galingomis debesies tarnybomis, pvz., \u201eOneDrive\u201c ir \u201eMicrosoft Teams\u201c, \u201eOffice 365\u201c suteikia galimyb\u0119 kurti ir bendrinti i\u0161 bet kurios vietos, bet kokiu \u012frenginiu. [\/vc_column_text][\/vc_column][\/vc_row][vc_row][vc_column width=&#8221;1\/3&#8243;][\/vc_column][vc_column width=&#8221;1\/3&#8243;][\/vc_column][vc_column width=&#8221;1\/3&#8243;][\/vc_column][\/vc_row][vc_row][vc_column][vc_column_text] Kainos nurodytos be PVM [\/vc_column_text][\/vc_column][\/vc_row]<\/p>\n","protected":false},"author":1,"featured_media":0,"parent":0,"menu_order":0,"comment_status":"closed","ping_status":"closed","template":"","meta":{"footnotes":""},"class_list":["post-2465","page","type-page","status-publish","hentry"],"_links":{"self":[{"href":"https:\/\/www.on-cloud.pro\/index.php\/wp-json\/wp\/v2\/pages\/2465"}],"collection":[{"href":"https:\/\/www.on-cloud.pro\/index.php\/wp-json\/wp\/v2\/pages"}],"about":[{"href":"https:\/\/www.on-cloud.pro\/index.php\/wp-json\/wp\/v2\/types\/page"}],"author":[{"embeddable":true,"href":"https:\/\/www.on-cloud.pro\/index.php\/wp-json\/wp\/v2\/users\/1"}],"replies":[{"embeddable":true,"href":"https:\/\/www.on-cloud.pro\/index.php\/wp-json\/wp\/v2\/comments?post=2465"}],"version-history":[{"count":71,"href":"https:\/\/www.on-cloud.pro\/index.php\/wp-json\/wp\/v2\/pages\/2465\/revisions"}],"predecessor-version":[{"id":4128,"href":"https:\/\/www.on-cloud.pro\/index.php\/wp-json\/wp\/v2\/pages\/2465\/revisions\/4128"}],"wp:attachment":[{"href":"https:\/\/www.on-cloud.pro\/index.php\/wp-json\/wp\/v2\/media?parent=2465"}],"curies":[{"name":"wp","href":"https:\/\/api.w.org\/{rel}","templated":true}]}}