{"id":2519,"date":"2019-02-13T22:56:13","date_gmt":"2019-02-13T20:56:13","guid":{"rendered":"https:\/\/www.on-cloud.pro\/?page_id=2519"},"modified":"2021-08-16T15:03:55","modified_gmt":"2021-08-16T13:03:55","slug":"rezervines-duomenu-kopijos","status":"publish","type":"page","link":"https:\/\/www.on-cloud.pro\/index.php\/rezervines-duomenu-kopijos\/","title":{"rendered":"Rezervin\u0117s duomen\u0173 kopijos"},"content":{"rendered":"<div class=\"wpb-content-wrapper\"><p>[vc_row][vc_column]<div id =\"kripdom-heading69f894fa8e796-4816\" class=\"section-title  \" ><h2 data-animate=\"fadeInUp\" data-delay=\".1\" >Acronis Backup Cloud<svg viewBox=\"0 0 311.1 14.4\"><polyline points=\"0.7,13.7 13.4,0.8 25.3,12.8 37.2,0.8 49,12.8 60.9,0.8 72.8,12.8 84.7,0.8 96.6,12.8 108.4,0.8 120.3,12.8 132.2,0.8 144,12.8 155.9,0.8 167.7,12.8 179.8,0.7 191.7,12.8 203.6,0.8 215.4,12.8 227.3,0.8 239.2,12.8 251.1,0.8 262.9,12.8 274.8,0.8 286.7,12.8 298.6,0.8 310.4,12.8 \"><\/polyline><\/svg><\/h2><span data-animate=\"fadeInUp\" data-delay=\".2\">Apsaugokite svarbiausi\u0105 J\u016bs\u0173 \u012fmon\u0117s turt\u0105 - duomenis<\/span><\/div>[\/vc_column][\/vc_row][vc_row][vc_column width=&#8221;1\/3&#8243;]<div id=\"feature69f894fa8e84a-1382\" class=\"single-feature text-center\" data-animate=\"\" data-delay=\".1\"><span><i  class=\"fa fa-briefcase\"><\/i><\/span><h3>500K+<\/h3><p>Verslo klient\u0173<\/p><\/div>[\/vc_column][vc_column width=&#8221;1\/3&#8243;]<div id=\"feature69f894fa8e8a2-4837\" class=\"single-feature text-center\" data-animate=\"\" data-delay=\".1\"><span><i  class=\"fa fa-database\"><\/i><\/span><h3>5K+<\/h3><p>PB duomen\u0173 apsaugot\u0173 Acronis. 1 PB = 1000000 GB<\/p><\/div>[\/vc_column][vc_column width=&#8221;1\/3&#8243;]<div id=\"feature69f894fa8e8e1-2504\" class=\"single-feature text-center\" data-animate=\"\" data-delay=\".1\"><span><i  class=\"fa fa-handshake-o\"><\/i><\/span><h3>50K+<\/h3><p>partneri\u0173 145 \u0161alyse<\/p><\/div>[\/vc_column][\/vc_row][vc_row][vc_column]   <div id=\"vpsPricing\" class=\"row vpsslider69f894fa8e93c-7401\">\n\t\t<!-- VPS Pricing Wrapper Start -->\n\t\t<div class=\"col-md-9\">\n\t\t<div class=\"tre\"><\/div>\n\t\t\t<!-- Pricing slider wrap -->\n            <div class=\"pricing-slider-wrap\">\n\t\t\t\t<!-- VPS Pricing Slider -->\n                <div id=\"vps-pricing-slider\" data-animate=\"fadeInUp\" data-delay=\".1\"><\/div>\n\t\t\t\t<div class=\"pricing-nav-switch\" data-animate=\"fadeInUp\" data-delay=\".2\">\n\t\t\t\t\t<ul class=\"nav justify-content-center\">\n\t\t\t\t\t<li><a href=\"#menesiui\" class=\"active custom-btn\" data-toggle=\"tab\">M\u0117nesiui<\/a><\/li><li><a href=\"#metams\" class=\" custom-btn\" data-toggle=\"tab\">Metams<\/a><\/li>\t\t\t\t\t<\/ul>\n\t\t\t\t<\/div>\n\t\t\t\t <!-- End of Pricing Nav Switch -->\n\t\t\t<\/div>\t\n\n\t\t\t<div class=\"vps-pricing-features clearfix\">\n\t\t\t\t\t\t\t\t<div class=\"vps-pricing-feature\" data-animate=\"fadeInUp\" data-delay=\"0\">\n\t\t\t\t\t<h4>Talpa serveryje<\/h4><p class=\"caption-text\" data-put-value=\"talpaserveryje\"><\/p>\t\t\t\t\t<span class=\"progress\"><\/span>\n\t\t\t\t<\/div>\n\t\t\t\t\t\t\t<\/div>\n\t\t<\/div>\n\t\t<!-- VPS Pricing Features End -->\n\t\t<div class=\"col-md-3\">\n\t\t\t<!-- Tab Content Start -->\n\t\t\t<div class=\"tab-content vps-tab-content text-center\">\n\t\t\t\t<!-- Tab Pane Start -->\n\t\t\t\t\t\t\t\t<div class=\"tab-pane active\" id=\"menesiui\">\n\t\t\t\t\t<!-- Pricing Item Start -->\t\n\t\t\t\t\t<h3 data-put-value=\"title\" data-animate=\"fadeInUp\" data-delay=\".1\">Title<\/h3>\n\n\t\t\t\t\t<p data-animate=\"fadeInUp\" data-delay=\".2\">\n\t\t\t\t\t\t<span class=\"price\">\n\t\t\t\t\t\t\t<span>\u20ac<\/span><span data-put-value=\"monthly_price\"><\/span>\n\t\t\t\t\t\t<\/span>\n\t\t\t\t\t\t<span class=\"time\">\/m\u0117n.<\/span>\n\t\t\t\t\t<\/p>\n\n\t\t\t\t\t<p data-animate=\"fadeInUp\" data-delay=\".3\">Kaina be PVM<\/p><a href=\"#\" target=\"_blank\" class=\"btn btn-primary\" data-animate=\"fadeInUp\" data-delay=\".4\" data-put-href=\"monthly_url\">U\u017esakyti<\/a>\t\t\t\t\t<!-- Pricing Item End -->\n\t\t\t\t<\/div>\n\n\t\t\t\t\t\t\t\t<div class=\"tab-pane \" id=\"metams\">\n\t\t\t\t\t<!-- Pricing Item Start -->\t\n\t\t\t\t\t<h3 data-put-value=\"title\" data-animate=\"fadeInUp\" data-delay=\".1\">Title<\/h3>\n\n\t\t\t\t\t<p data-animate=\"fadeInUp\" data-delay=\".2\">\n\t\t\t\t\t\t<span class=\"price\">\n\t\t\t\t\t\t\t<span>\u20ac<\/span><span data-put-value=\"yearly_price\"><\/span>\n\t\t\t\t\t\t<\/span>\n\t\t\t\t\t\t<span class=\"time\">\/metus<\/span>\n\t\t\t\t\t<\/p>\n\n\t\t\t\t\t<p data-animate=\"fadeInUp\" data-delay=\".3\">Kaina be PVM<\/p><a href=\"#\" target=\"_blank\" class=\"btn btn-primary\" data-animate=\"fadeInUp\" data-delay=\".4\" data-put-href=\"monthly_url\">U\u017esakyti<\/a>\t\t\t\t\t<!-- Pricing Item End -->\n\t\t\t\t<\/div>\n\n\t\t\t\t\t\t\t\t<!-- Tab Pane End -->\n\t\t\t<\/div>\n\t\t\t<!-- Tab Content End -->\n\t\t<\/div>\n\t\t<!-- VPS Pricing Wrapper End -->\n\t<\/div>\n\n\t[\/vc_column][\/vc_row][vc_row][vc_column width=&#8221;1\/4&#8243;]<div id=\"feature69f894fa8edff-4164\" class=\"single-feature text-left\" data-animate=\"\" data-delay=\".1\"><h3>Palaikomos operacin\u0117s sistemos<\/h3><p>Nuo Windows XP iki Windows 10, nuo Windows Server 2003 iki 2019, Linux, Mac OS X, macOS<\/p><\/div>[\/vc_column][vc_column width=&#8221;1\/4&#8243;]<div id=\"feature69f894fa8f675-8393\" class=\"single-feature text-left\" data-animate=\"\" data-delay=\".1\"><h3>Valdymas nar\u0161ykl\u0117je<\/h3><p>Lengvai ir paprastai valdykite savo duomen\u0173 rezervines kopijas per nar\u0161ykl\u0119.<\/p><\/div>[\/vc_column][vc_column width=&#8221;1\/4&#8243;]<div id=\"feature69f894fa8f69c-8343\" class=\"single-feature text-left\" data-animate=\"\" data-delay=\".1\"><h3>Palaikomi hipervizoriai<\/h3><p>VMware, KVM, Microsoft Hyper-V, Virtuozzo, Citrix XenServer, Oracle VM VirtualBox 4.x, Nutanix<\/p><\/div>[\/vc_column][vc_column width=&#8221;1\/4&#8243;]<div id=\"feature69f894fa8f6b4-2225\" class=\"single-feature text-left\" data-animate=\"\" data-delay=\".1\"><h3>Microsoft Office 365<\/h3><p>Microsoft Exchange Online, Microsoft OneDrive for Business, Microsoft SharePoint Online<\/p><\/div>[\/vc_column][\/vc_row]<\/p>\n<\/div>","protected":false},"excerpt":{"rendered":"<p>[vc_row][vc_column][\/vc_column][\/vc_row][vc_row][vc_column width=&#8221;1\/3&#8243;][\/vc_column][vc_column width=&#8221;1\/3&#8243;][\/vc_column][vc_column width=&#8221;1\/3&#8243;][\/vc_column][\/vc_row][vc_row][vc_column][\/vc_column][\/vc_row][vc_row][vc_column width=&#8221;1\/4&#8243;][\/vc_column][vc_column width=&#8221;1\/4&#8243;][\/vc_column][vc_column width=&#8221;1\/4&#8243;][\/vc_column][vc_column width=&#8221;1\/4&#8243;][\/vc_column][\/vc_row]<\/p>\n","protected":false},"author":1,"featured_media":0,"parent":0,"menu_order":0,"comment_status":"closed","ping_status":"closed","template":"","meta":{"footnotes":""},"class_list":["post-2519","page","type-page","status-publish","hentry"],"_links":{"self":[{"href":"https:\/\/www.on-cloud.pro\/index.php\/wp-json\/wp\/v2\/pages\/2519"}],"collection":[{"href":"https:\/\/www.on-cloud.pro\/index.php\/wp-json\/wp\/v2\/pages"}],"about":[{"href":"https:\/\/www.on-cloud.pro\/index.php\/wp-json\/wp\/v2\/types\/page"}],"author":[{"embeddable":true,"href":"https:\/\/www.on-cloud.pro\/index.php\/wp-json\/wp\/v2\/users\/1"}],"replies":[{"embeddable":true,"href":"https:\/\/www.on-cloud.pro\/index.php\/wp-json\/wp\/v2\/comments?post=2519"}],"version-history":[{"count":73,"href":"https:\/\/www.on-cloud.pro\/index.php\/wp-json\/wp\/v2\/pages\/2519\/revisions"}],"predecessor-version":[{"id":3550,"href":"https:\/\/www.on-cloud.pro\/index.php\/wp-json\/wp\/v2\/pages\/2519\/revisions\/3550"}],"wp:attachment":[{"href":"https:\/\/www.on-cloud.pro\/index.php\/wp-json\/wp\/v2\/media?parent=2519"}],"curies":[{"name":"wp","href":"https:\/\/api.w.org\/{rel}","templated":true}]}}