{"id":2739,"date":"2019-06-13T10:24:07","date_gmt":"2019-06-13T08:24:07","guid":{"rendered":"https:\/\/www.on-cloud.pro\/?page_id=2739"},"modified":"2021-10-14T13:32:38","modified_gmt":"2021-10-14T11:32:38","slug":"serveriu-nuoma","status":"publish","type":"page","link":"https:\/\/www.on-cloud.pro\/index.php\/serveriu-nuoma\/","title":{"rendered":"Virtual\u016bs dedikuoti serveriai (VDS)"},"content":{"rendered":"<div class=\"wpb-content-wrapper\"><p>[vc_row css=&#8221;.vc_custom_1554449410961{margin-top: 0px !important;margin-bottom: 0px !important;border-top-width: 0px !important;border-bottom-width: 0px !important;padding-top: 0px !important;padding-bottom: 0px !important;}&#8221;][vc_column css=&#8221;.vc_custom_1554449431011{margin-top: 0px !important;margin-bottom: 0px !important;border-top-width: 0px !important;border-bottom-width: 0px !important;padding-top: 0px !important;padding-bottom: 0px !important;}&#8221;]    <div id=\"kripdom-section69f745c9439af-9894\" class=\"pt-120 pb-120 vc_custom_1554449383019\">\r\n        <div class=\"container\">\r\n\t\t<div id =\"kripdom-heading69f745c943c14-9540\" class=\"section-title  \" ><h2 data-animate=\"fadeInUp\" data-delay=\".1\" >Virtuali\u0173 dedikuot\u0173 serveri\u0173 (VDS) planai<svg viewBox=\"0 0 311.1 14.4\"><polyline points=\"0.7,13.7 13.4,0.8 25.3,12.8 37.2,0.8 49,12.8 60.9,0.8 72.8,12.8 84.7,0.8 96.6,12.8 108.4,0.8 120.3,12.8 132.2,0.8 144,12.8 155.9,0.8 167.7,12.8 179.8,0.7 191.7,12.8 203.6,0.8 215.4,12.8 227.3,0.8 239.2,12.8 251.1,0.8 262.9,12.8 274.8,0.8 286.7,12.8 298.6,0.8 310.4,12.8 \"><\/polyline><\/svg><\/h2><span data-animate=\"fadeInUp\" data-delay=\".2\">Su Windows Server operacine sistema<\/span><\/div>[vc_row_inner css=&#8221;.vc_custom_1551093938152{margin-bottom: 0px !important;border-bottom-width: 0px !important;padding-bottom: 0px !important;}&#8221;][vc_column_inner width=&#8221;1\/2&#8243; offset=&#8221;vc_col-lg-3 vc_col-md-3&#8243;]\n    <!-- Pricing Table Area Start -->\n    <div id=\"pricint-table69f745c943cd9-8450\" class=\"single-ch-plan text-center\" data-delay=\"\">\n        \n        <h3>VDS-1W<\/h3><p><span class=\"price\"><sup>\u20ac<\/sup>18.00<\/span><span class=\"time\">\/m\u0117n.<\/span><\/p><ul><li><i class=\"fas fa-server\"><\/i>1 vCPU<\/li><li><i class=\"fas fa-server\"><\/i>2GB RAM<\/li><li><i class=\"fas fa-server\"><\/i>40GB SSD<\/li><li><i class=\"fas fa-server\"><\/i>100 Mbps<\/li><li><i class=\"fas fa-server\"><\/i>1 IP<\/li><li><i class=\"fas fa-server\"><\/i>Window Server 2019 Standard<\/li><\/ul><a href=\"https:\/\/csp.on-cloud.pro\/cart.php?a=add&#038;pid=44\" class=\"btn btn-secondary\">U\u017esakyti<\/a>\n    <\/div>\n    <!-- Pricing Table Area End -->\n\n\t[\/vc_column_inner][vc_column_inner width=&#8221;1\/2&#8243; offset=&#8221;vc_col-lg-3 vc_col-md-3&#8243;]\n    <!-- Pricing Table Area Start -->\n    <div id=\"pricint-table69f745c943dfc-6232\" class=\"single-ch-plan text-center\" data-delay=\"\">\n        \n        <h3>VDS-2W<\/h3><p><span class=\"price\"><sup>\u20ac<\/sup>25.00<\/span><span class=\"time\">\/m\u0117n.<\/span><\/p><ul><li><i class=\"fas fa-server\"><\/i>2 vCPU<\/li><li><i class=\"fas fa-server\"><\/i>4GB RAM<\/li><li><i class=\"fas fa-server\"><\/i>80GB SSD<\/li><li><i class=\"fas fa-server\"><\/i>100 Mbps<\/li><li><i class=\"fas fa-server\"><\/i>1 IP<\/li><li><i class=\"fas fa-server\"><\/i>Windows Server 2019 Standard<\/li><\/ul><a href=\"https:\/\/csp.on-cloud.pro\/cart.php?a=add&#038;pid=45\" class=\"btn btn-secondary\">U\u017esakyti<\/a>\n    <\/div>\n    <!-- Pricing Table Area End -->\n\n\t[\/vc_column_inner][vc_column_inner width=&#8221;1\/2&#8243; offset=&#8221;vc_col-lg-3 vc_col-md-3&#8243;]\n    <!-- Pricing Table Area Start -->\n    <div id=\"pricint-table69f745c943e9b-7212\" class=\"single-ch-plan text-center\" data-delay=\"\">\n        \n        <h3>VDS-3W<\/h3><p><span class=\"price\"><sup>\u20ac<\/sup>39.00<\/span><span class=\"time\">\/m\u0117n.<\/span><\/p><ul><li><i class=\"fas fa-server\"><\/i>4 vCPU<\/li><li><i class=\"fas fa-server\"><\/i>8GB RAM<\/li><li><i class=\"fas fa-server\"><\/i>160GB SSD<\/li><li><i class=\"fas fa-server\"><\/i>100 Mbps<\/li><li><i class=\"fas fa-server\"><\/i>1 IP<\/li><li><i class=\"fas fa-server\"><\/i>Windows Server 2019 Standard<\/li><\/ul><a href=\"https:\/\/csp.on-cloud.pro\/cart.php?a=add&#038;pid=46\" class=\"btn btn-secondary\">U\u017esakyti<\/a>\n    <\/div>\n    <!-- Pricing Table Area End -->\n\n\t[\/vc_column_inner][vc_column_inner width=&#8221;1\/2&#8243; offset=&#8221;vc_col-lg-3 vc_col-md-3&#8243;]\n    <!-- Pricing Table Area Start -->\n    <div id=\"pricint-table69f745c943f0f-5680\" class=\"single-ch-plan text-center\" data-delay=\"\">\n        \n        <h3>VDS-4W<\/h3><p><span class=\"price\"><sup>\u20ac<\/sup>75.00<\/span><span class=\"time\">\/m\u0117n.<\/span><\/p><ul><li><i class=\"fas fa-server\"><\/i>8 vCPU<\/li><li><i class=\"fas fa-server\"><\/i>16GB RAM<\/li><li><i class=\"fas fa-server\"><\/i>400 GB SSD<\/li><li><i class=\"fas fa-server\"><\/i>100 Mbps<\/li><li><i class=\"fas fa-server\"><\/i>1 IP<\/li><li><i class=\"fas fa-server\"><\/i>Windows Server 2019 Standard<\/li><\/ul><a href=\"https:\/\/csp.on-cloud.pro\/cart.php?a=add&#038;pid=47\" class=\"btn btn-secondary\">U\u017esakyti<\/a>\n    <\/div>\n    <!-- Pricing Table Area End -->\n\n\t[\/vc_column_inner][\/vc_row_inner][vc_column_text]<\/p>\n<p style=\"text-align: center;\">Kainos nurodytos be PVM<\/p>\n<p>[\/vc_column_text]\t\t<\/div>\r\n\t<\/div>\r\n\t[\/vc_column][\/vc_row][vc_row css=&#8221;.vc_custom_1551093908760{margin-top: 0px !important;border-top-width: 0px !important;padding-top: 0px !important;}&#8221;][vc_column]    <div id=\"kripdom-section69f745c944001-3283\" class=\"pt-120 pb-120 vc_custom_1551089010118\">\r\n        <div class=\"container\">\r\n\t\t[vc_row_inner css=&#8221;.vc_custom_1551089206985{margin-bottom: 0px !important;border-bottom-width: 0px !important;padding-bottom: 0px !important;}&#8221;][vc_column_inner width=&#8221;1\/2&#8243; offset=&#8221;vc_col-lg-3 vc_col-md-3&#8243;]<div id=\"service69f745c944164-5563\" class=\"single-reason text-center wpb_animate_when_almost_visible wpb_fadeInUp fadeInUp\" data-delay=\".1\"><div class=\"icon\"><i  class=\"fas fa-clone\"><\/i><\/div><h3>Rezervin\u0117s kopijos<\/h3><p>\u012e kain\u0105 \u012fskai\u010diuotos kasdien\u0117s rezervin\u0117s duomen\u0173 kopijos.<\/p><\/div>[\/vc_column_inner][vc_column_inner width=&#8221;1\/2&#8243; offset=&#8221;vc_col-lg-3 vc_col-md-3&#8243;]<div id=\"service69f745c944291-1941\" class=\"single-reason text-center wpb_animate_when_almost_visible wpb_fadeInUp fadeInUp\" data-delay=\".3\"><div class=\"icon\"><i  class=\"fas fa-cogs\"><\/i><\/div><h3>Patogus valdymas<\/h3><p>Valdymo portalo pagalba, nar\u0161ykl\u0117je, lengvai valdysite savo virtualius serverius.<\/p><\/div>[\/vc_column_inner][vc_column_inner width=&#8221;1\/2&#8243; offset=&#8221;vc_col-lg-3 vc_col-md-3&#8243;]<div id=\"service69f745c9443c9-8789\" class=\"single-reason text-center wpb_animate_when_almost_visible wpb_fadeInUp fadeInUp\" data-delay=\".5\"><div class=\"icon\"><i  class=\"fas fa-server\"><\/i><\/div><h3>Technin\u0117 \u012franga<\/h3><p>Paslauga teikiama naudojant Hewlett Packard Enterprise serverius.<\/p><\/div>[\/vc_column_inner][vc_column_inner width=&#8221;1\/2&#8243; offset=&#8221;vc_col-lg-3 vc_col-md-3&#8243;]<div id=\"service69f745c944489-3398\" class=\"single-reason text-center wpb_animate_when_almost_visible wpb_fadeInUp fadeInUp\" data-delay=\".7\"><div class=\"icon\"><i  class=\"fab fa-windows\"><\/i><\/div><h3>Operacin\u0117s sistemos<\/h3><p>Reikiam\u0105 operacin\u0119 sistem\u0105 lengvai \u012fsidiegsite pasinaudodami paruo\u0161tais \u0161ablonais<\/p><\/div>[\/vc_column_inner][\/vc_row_inner]\t\t<\/div>\r\n\t<\/div>\r\n\t[\/vc_column][\/vc_row]<\/p>\n<\/div>","protected":false},"excerpt":{"rendered":"<p>[vc_row css=&#8221;.vc_custom_1554449410961{margin-top: 0px !important;margin-bottom: 0px !important;border-top-width: 0px !important;border-bottom-width: 0px !important;padding-top: 0px !important;padding-bottom: 0px !important;}&#8221;][vc_column css=&#8221;.vc_custom_1554449431011{margin-top: 0px !important;margin-bottom: 0px !important;border-top-width: 0px !important;border-bottom-width: 0px !important;padding-top: 0px !important;padding-bottom: 0px !important;}&#8221;][\/vc_column][\/vc_row][vc_row css=&#8221;.vc_custom_1551093908760{margin-top: 0px !important;border-top-width: 0px !important;padding-top: 0px !important;}&#8221;][vc_column][\/vc_column][\/vc_row]<\/p>\n","protected":false},"author":1,"featured_media":0,"parent":0,"menu_order":0,"comment_status":"closed","ping_status":"closed","template":"","meta":{"footnotes":""},"class_list":["post-2739","page","type-page","status-publish","hentry"],"_links":{"self":[{"href":"https:\/\/www.on-cloud.pro\/index.php\/wp-json\/wp\/v2\/pages\/2739"}],"collection":[{"href":"https:\/\/www.on-cloud.pro\/index.php\/wp-json\/wp\/v2\/pages"}],"about":[{"href":"https:\/\/www.on-cloud.pro\/index.php\/wp-json\/wp\/v2\/types\/page"}],"author":[{"embeddable":true,"href":"https:\/\/www.on-cloud.pro\/index.php\/wp-json\/wp\/v2\/users\/1"}],"replies":[{"embeddable":true,"href":"https:\/\/www.on-cloud.pro\/index.php\/wp-json\/wp\/v2\/comments?post=2739"}],"version-history":[{"count":30,"href":"https:\/\/www.on-cloud.pro\/index.php\/wp-json\/wp\/v2\/pages\/2739\/revisions"}],"predecessor-version":[{"id":3667,"href":"https:\/\/www.on-cloud.pro\/index.php\/wp-json\/wp\/v2\/pages\/2739\/revisions\/3667"}],"wp:attachment":[{"href":"https:\/\/www.on-cloud.pro\/index.php\/wp-json\/wp\/v2\/media?parent=2739"}],"curies":[{"name":"wp","href":"https:\/\/api.w.org\/{rel}","templated":true}]}}