{"id":3,"date":"2018-11-23T15:06:59","date_gmt":"2018-11-23T15:06:59","guid":{"rendered":"https:\/\/www.on-cloud.pro\/?page_id=3"},"modified":"2021-08-30T15:35:41","modified_gmt":"2021-08-30T13:35:41","slug":"privacy-policy","status":"publish","type":"page","link":"https:\/\/www.on-cloud.pro\/index.php\/privacy-policy\/","title":{"rendered":"Privatumo politika"},"content":{"rendered":"<p><strong>PRIVATUMO PRANE\u0160IMAS<\/strong><\/p>\n<h4>1. \u012e\u017dANGA<\/h4>\n<p>Mes, UAB \u201eEnesola\u201c (toliau &#8211; Bendrov\u0117), rimtai r\u016bpinam\u0117s J\u016bs\u0173 asmens duomen\u0173 saugumu (asmens duomenys rei\u0161kia bet koki\u0105 informacij\u0105, kuri yra susijusi su identifikuotu ar galimu identifikuoti gyvu \u017emogumi, kaip vardas, pavard\u0117, adresas, el. pa\u0161to adresas, elgsena interneto svetain\u0117je ir pan.). \u017demiau pateikiamas privatumo prane\u0161imas yra skirtas visiems asmenims, kurie susisiekia, dirba, siekia kandidatuoti ar kitaip bendradarbiauja su Bendrove, naudojasi Bendrov\u0117s paslaugomis ar kokiu kitokiu b\u016bdu pateikia savo asmens duomenis Bendrovei.<br \/>\n\u0160is privatumo prane\u0161imas yra sukurtas remiantis galiojan\u010diais teis\u0117s aktais ir rekomendacijomis, kaip Bendrasis Duomen\u0173 Apsaugos Reglamentas (toliau &#8211; BDAR), Asmens duomen\u0173 teisin\u0117s apsaugos \u012fstatymas, Valstybin\u0117s Duomen\u0173 Apsaugos Inspekcijos (toliau &#8211; VDAI) gair\u0117s. Privatumo prane\u0161imu siekiama nurodyti duomen\u0173 subjekt\u0173 teises, pareigas, taip pat kit\u0105 informacij\u0105, kuri privaloma pateikti pagal BDAR.<br \/>\nBendrov\u0117s paslaugos n\u0117ra skirtos vaikams (t. y., jaunesniems nei 14 met\u0173 asmenims).<\/p>\n<h4>2. DUOMEN\u0172 VALDYTOJAS<\/h4>\n<p>UAB \u201eEnesola\u201c, juridinio asmens kodas 302787411, buvein\u0117 Vokie\u010di\u0173 g. 27-5, LT-45263 Kaunas, yra \u0161iame privatumo prane\u0161ime nurodom\u0173 asmens duomen\u0173 duomen\u0173 valdytojas (s\u0105voka pagal BDAR).<\/p>\n<h4>3.\u00a0DUOMEN\u0172 VALDYTOJO KONTAKTAI<\/h4>\n<p>Asmens duomen\u0173 apsaugos temomis galite susisiekti su Bendrove el. pa\u0161tu: <a href=\"mailto:dap@enesola.lt\">dap@enesola.lt<\/a>.<\/p>\n<h4>4. KAIP GAUNAME J\u016aS\u0172 DUOMENIS?<\/h4>\n<p>Asmens duomenys m\u016bs\u0173 yra tvarkomi, kai naudojat\u0117s \u012fvairiomis Bendrov\u0117s teikiamomis paslaugomis:<\/p>\n<ul>\n<li>Duomenis pateikiate J\u016bs patys, pavyzd\u017eiui, siekiant \u012fsidarbinti, nar\u0161ant interneto svetain\u0117je ar socialiniuose tinkluose, u\u017eklausiant el. pa\u0161tu ar per pagalbos tarnyb\u0105;<\/li>\n<li>Duomenis pateikia \u012fmon\u0117 \/ bendrov\u0117, kurioje dirbate ar kuriai kitaip priklausote ir kuri turi sutartini\u0173 ar juridini\u0173 santyki\u0173 su Bendrove;<\/li>\n<li>Duomenys generuojami, kai naudojat\u0117s m\u016bs\u0173 paslaugomis, pirkdami ar naudodamiesi jomis nemokamai;<\/li>\n<li>Duomenis gauname i\u0161 kit\u0173 \u0161altini\u0173, kurie juos perduoda mums vykdydami vald\u017eios institucij\u0173 nurodymus ir pan.;<\/li>\n<li>Kai Bendrov\u0117 u\u017eklausia j\u0173 teis\u0117to intereso pagrindu i\u0161 (pvz., Sodra, kredito reitingo bendrov\u0117s, vie\u0161ieji registrai, kt.);<\/li>\n<\/ul>\n<h4>5. KOKI\u0172 PRINCIP\u0172 LAIKOM\u0116S TVARKYDAMI J\u016aS\u0172 DUOMENIS?<\/h4>\n<p>Duomen\u0173 tvarkymas yra vykdomas remiantis \u0161iais principais, kaip yra nurodyta BDAR 5 straipsnyje:<\/p>\n<ul>\n<li>teis\u0117tumo, s\u0105\u017einingumo ir skaidrumo principas;<\/li>\n<li>tikslo apribojimo principas;<\/li>\n<li>duomen\u0173 kiekio ma\u017einimo principas;<\/li>\n<li>tikslumo principas;<\/li>\n<li>saugojimo trukm\u0117s apribojimo principas;<\/li>\n<li>vientisumo ir konfidencialumo principas;<\/li>\n<\/ul>\n<p>Be visa kita, Bendrov\u0117 imasi atitinkam\u0173 technini\u0173 ir organizacini\u0173 priemoni\u0173, kad gal\u0117t\u0173 u\u017etikrinti atskaitomyb\u0117s principe u\u017etikrint\u0105 pareig\u0105.<\/p>\n<h4>6. KAIP APSAUGOME J\u016aS\u0172 DUOMENIS?<\/h4>\n<p>Siekdami apsaugoti J\u016bs\u0173 duomenis, \u0117m\u0117m\u0117s organizacini\u0173 ir technini\u0173 priemoni\u0173, kurios yra skirtos tinkamai reglamentuoti ir tvarkyti J\u016bs\u0173 duomenis. Tokios priemon\u0117s \u012ftraukia, ta\u010diau neapsiriboja: VDAI gair\u0117s, informacijos apsaugos valdymo standarte ISO 27001 \/ ISO 27002 nurodytos priemon\u0117s, EDPB (European Data Protection Board) ir WP29 (Working Party 29) gair\u0117s ir rekomendacijos.<\/p>\n<p>Organizacin\u0117s asmens duomen\u0173 apsaugos priemon\u0117s \u012ftraukia, ta\u010diau neapsiriboja \u0161iomis priemon\u0117mis: asmens duomen\u0173 tvarkymo politika, duomen\u0173 subjekt\u0173 teisi\u0173 \u012fgyvendinimo tvarka, rizikos vertinimas, informacijos saugos incident\u0173 valdymo tvarka, informacijos saugos politika, asmens duomen\u0173 tvarkymo veiklos \u012fra\u0161\u0173 registras, duomen\u0173 tvarkymo susitarimai su duomen\u0173 tvarkytojais ir duomen\u0173 valdytojais, personalo tvarkos, nuolatiniai darbuotoj\u0173 mokymai ir kt.<\/p>\n<p>Technin\u0117s asmens duomen\u0173 apsaugos priemon\u0117s yra realizuotos remiantis informacijos saugos politika. Pasitelkiant duomen\u0173 tvarkytojus visada yra sudaromas duomen\u0173 tvarkymo susitarimas.<\/p>\n<h4>7. KOKIUS J\u016aS\u0172 DUOMENIS TVARKOME?<\/h4>\n<h5>7.1\u00a0Klient\u0173 duomenys<\/h5>\n<p>Bendrov\u0117 tvarko \u0161iuos J\u016bs\u0173 asmens duomenis kaip duomen\u0173 valdytojas:<\/p>\n<table>\n<tbody>\n<tr>\n<td><strong>Asmens duomen\u0173 tvarkymo tikslas<\/strong><\/td>\n<td><strong>Tvarkomi asmens duomenys<\/strong><\/td>\n<td><strong>Kiek laiko saugomi asmens duomenys<\/strong><\/td>\n<td><strong>Teisinis asmens duomen\u0173 tvarkymo pagrindas<\/strong><\/td>\n<\/tr>\n<tr>\n<td>U\u017eklaus\u0173 sprendimas<\/td>\n<td>Vardas, pavard\u0117, \u012fmon\u0117s pavadinimas telefonas, el. pa\u0161tas, adresas, \u017einut\u0117<\/td>\n<td>Po u\u017eklausos i\u0161sprendimo 2 metai<\/td>\n<td>Teis\u0117tas interesas, BDAR 6 straipsnio 1 dalies f papunktis<\/td>\n<\/tr>\n<tr>\n<td>Bendrov\u0117s sudaryt\u0173 paslaug\u0173 sutar\u010di\u0173 vykdymas<\/td>\n<td>Vardas, pavard\u0117, adresas, telefono numeris, el. pa\u0161to adresas, u\u017esakym\u0173 informacija, sudarytos sutarties informacija<\/td>\n<td>10 met\u0173 po paskutin\u0117s s\u0105skaitos i\u0161ra\u0161ymo<\/td>\n<td>Sutarties vykdymas, BDAR 6 straipsnio 1 dalies b papunktis<\/td>\n<\/tr>\n<tr>\n<td>Mokes\u010di\u0173 apskaita ir kontrol\u0117<\/td>\n<td>Bendrov\u0117s duomenys arba fizinio asmens duomenys, kontaktinio asmens duomenys (vardas, pavard\u0117, adresas, telefono numeris, el. pa\u0161to adresas, u\u017esakym\u0173 informacija), sudarytos sutarties informacija, s\u0105skait\u0173 duomenys<\/td>\n<td>10 met\u0173 po s\u0105skaitos i\u0161ra\u0161ymo<\/td>\n<td>Sutarties vykdymas, BDAR 6 straipsnio 1 dalies b papunktis<\/td>\n<\/tr>\n<tr>\n<td>Skol\u0173 valdymas<\/td>\n<td>Bendrov\u0117s duomenys arba fizinio asmens duomenys, kontaktinio asmens duomenys (vardas, pavard\u0117, skola, skolos pob\u016bdis, skolos susidarymo aplinkyb\u0117s)<\/td>\n<td>10 met\u0173 po skolos panaikinimo<\/td>\n<td>Teis\u0117tas interesas, BDAR 6 straipsnio 1 dalies f papunktis<\/td>\n<\/tr>\n<tr>\n<td>Rinkodara<\/td>\n<td>Vardas, pavard\u0117, telefono numeris, elektroninio pa\u0161to adresas, adresas<\/td>\n<td>3 metai<\/td>\n<td>Sutikimas, BDAR 6 straipsnio 1 dalies a papunktis<\/td>\n<\/tr>\n<\/tbody>\n<\/table>\n<p>&nbsp;<\/p>\n<h5>7.2\u00a0Darbuotoj\u0173, kandidat\u0173 \u012f praktik\u0105 bendrov\u0117je duomenys<\/h5>\n<table>\n<tbody>\n<tr>\n<td><strong>Asmens duomen\u0173 tvarkymo tikslas<\/strong><\/td>\n<td><strong>Tvarkomi asmens duomenys<\/strong><\/td>\n<td><strong>Kiek laiko saugomi asmens duomenys<\/strong><\/td>\n<td><strong>Teisinis asmens duomen\u0173 tvarkymo pagrindas<\/strong><\/td>\n<\/tr>\n<tr>\n<td>Atranka \u012f laisvas darbo vietas arba praktik\u0105<\/td>\n<td>Gyvenimo apra\u0161ymas, partnerio \/ \u012fdarbinimo agent\u016bros informacija, kita kandidato pateikta informacija<\/td>\n<td>Iki atrankos \u012f darbo \/ praktikos pozicij\u0105 pabaigos. Duomen\u0173 subjektui sutikus \u2013 iki 3 met\u0173<\/td>\n<td>Teis\u0117tas interesas, BDAR 6 straipsnio 1 dalies f papunktis<\/p>\n<p>Sutikimas, BDAR 6 straipsnio 1 dalies a papunktis<\/td>\n<\/tr>\n<\/tbody>\n<\/table>\n<p>&nbsp;<\/p>\n<h5>7.3\u00a0Interneto svetain\u0117se tvarkomi duomenys<\/h5>\n<table>\n<tbody>\n<tr>\n<td><strong>Asmens duomen\u0173 tvarkymo tikslas<\/strong><\/td>\n<td><strong>Tvarkomi asmens duomenys<\/strong><\/td>\n<td><strong>Kiek laiko saugomi asmens duomenys<\/strong><\/td>\n<td><strong>Teisinis asmens duomen\u0173 tvarkymo pagrindas<\/strong><\/td>\n<\/tr>\n<tr>\n<td>Interneto svetain\u0117s lankymo techniniai duomenys<\/td>\n<td>IP adresas, data ir laikas, u\u017eklausa, u\u017eklausos statusas (HTTP kodas), persi\u0173sti duomenys, nar\u0161ykl\u0117s duomenys, operacin\u0117 sistema, \u0161alis<\/td>\n<td>6 m\u0117n.<\/td>\n<td>Teis\u0117tas interesas, BDAR 6 straipsnio 1 dalies f papunktis<\/td>\n<\/tr>\n<tr>\n<td>Interneto svetain\u0117s lankymo analiz\u0117s duomenys<\/td>\n<td>Slapukais renkama puslapi\u0173 lankytoj\u0173 anonimin\u0117 informacija<\/td>\n<td>Pagal Google privatumo politik\u0105<\/td>\n<td>Sutikimas, BDAR 6 straipsnio 1 dalies a papunktis<\/td>\n<\/tr>\n<\/tbody>\n<\/table>\n<p>Daugumoje interneto svetaini\u0173 yra naudojami slapukai. Slapukai (angl. cookies) yra tekstiniai failai, kurie J\u016bs\u0173 sutikimu \u012fra\u0161omi \u012f \u012frenginio (pvz. kompiuterio, mobiliojo telefono, plan\u0161et\u0117s) nar\u0161ykl\u0119, kai J\u016bs nar\u0161ote interneto svetain\u0117je ir renkantys informacij\u0105 apie J\u016bs\u0173 nar\u0161ym\u0105. Jums pirm\u0105 kart\u0105 apsilankius interneto svetain\u0117je, slapukai perkeliami \u012f J\u016bs\u0173 kompiuter\u012f ir v\u0117liau naudojami kompiuteriui atskirti nuo kit\u0173 kompiuteri\u0173, jie u\u017etikrina patogesn\u012f interneto svetain\u0117s naudojim\u0105, o mums leid\u017eia tobulinti interneto svetain\u0119. Tai \u012fprasta nar\u0161ymo interneto svetain\u0117se praktika, palengvinanti nar\u0161ym\u0105 J\u016bs\u0173 jau lankytoje interneto svetain\u0117je ir supaprastinanti prieig\u0105 prie skelbiamos informacijos.<\/p>\n<h5>7.4\u00a0<a href=\"https:\/\/www.itpc.lt\">https:\/\/www.enesola.lt<\/a> tvarkomi papildomi duomenys<\/h5>\n<table>\n<tbody>\n<tr>\n<td><strong>Slapuko pavadinimas<\/strong><\/td>\n<td><strong>Slapuko paskirtis<\/strong><\/td>\n<td><strong>Galiojimo laikas<\/strong><\/td>\n<td><strong>Duomen\u0173 tvarkymo pagrindas<\/strong><\/td>\n<\/tr>\n<tr>\n<td>_gat_gtag_UA_128105499_1<\/td>\n<td>Google Analytics slapukas. Naudojamas riboti u\u017eklaus\u0173 skai\u010di\u0173<\/td>\n<td>Sesija<\/td>\n<td>Sutikimas, BDAR 6 straipsnio 1 dalies a papunktis<\/td>\n<\/tr>\n<tr>\n<td>_gid<\/td>\n<td>Google Analytics slapukas. Naudojamas atskirti vienus vartotojus nuo kit\u0173<\/td>\n<td>1 para<\/td>\n<td>Sutikimas, BDAR 6 straipsnio 1 dalies a papunktis<\/td>\n<\/tr>\n<tr>\n<td>_ga<\/td>\n<td>Google Analytics slapukas. Naudojamas atskirti vienus vartotojus nuo kit\u0173<\/td>\n<td>730 par\u0173<\/td>\n<td>Sutikimas, BDAR 6 straipsnio 1 dalies a papunktis<\/td>\n<\/tr>\n<\/tbody>\n<\/table>\n<p>Taip pat \u0161ioje svetain\u0117je yra tvarkomi \u0161ie papildomi duomenys:<\/p>\n<table>\n<tbody>\n<tr>\n<td><strong>Asmens duomen\u0173 tvarkymo tikslas<\/strong><\/td>\n<td><strong>Tvarkomi asmens duomenys<\/strong><\/td>\n<td><strong>Kiek laiko saugomi asmens duomenys<\/strong><\/td>\n<td><strong>Teisinis asmens duomen\u0173 tvarkymo pagrindas<\/strong><\/td>\n<\/tr>\n<tr>\n<td>Vartotojo autentifikavimas ir autorizavimas<\/td>\n<td>Vardas, pavard\u0117, slapta\u017eodis, prisijungimo vardas, el. pa\u0161to adresas, \u017einut\u0117<\/td>\n<td>Iki naudojamasi sistema<\/td>\n<td>Teis\u0117tas interesas, BDAR 6 straipsnio 1 dalies f papunktis<\/td>\n<\/tr>\n<\/tbody>\n<\/table>\n<p>&nbsp;<\/p>\n<h5>7.5\u00a0Socialiniuose tinkluose tvarkomi duomenys<\/h5>\n<p>J\u016bs\u0173 psedonimizuotus duomenis tvarkome kartu su Google (Google Analytics paslauga). Rekomenduojame susipa\u017einti su Google privatumo s\u0105lygomis: <a href=\"https:\/\/policies.google.com\/privacy\">https:\/\/policies.google.com\/privacy<\/a><\/p>\n<h4>8. KOKIAS TEISES IR PAREIGAS J\u016aS TURITE?<\/h4>\n<h5>8.1\u00a0Teis\u0117s<\/h5>\n<ul>\n<li>Teis\u0119 b\u016bti skaidriai informuotiems, taip pat, kokias teises turite. Tai atliekama \u0161iuo privatumo prane\u0161imu.<\/li>\n<li>Teis\u0119 b\u016bti informuoti apie tvarkomus J\u016bs\u0173 duomenis, taip pat susipa\u017einti, kokius konkre\u010diai J\u016bs\u0173 duomenis tvarkome. Papra\u0161yti savo duomen\u0173 kopijos galite kreipdamiesi \u012f Bendrov\u0119.<\/li>\n<li>Teis\u0119 i\u0161taisyti, i\u0161trinti duomenis. Jei pasteb\u0117jote, kad duomenys nepilni, netiksl\u016bs \u2013 galite kreiptis \u012f Bendrov\u0119 ir mes i\u0161nagrin\u0117sime J\u016bs\u0173 atvej\u012f. Taip pat galite papra\u0161yti pa\u0161alinti J\u016bs\u0173 duomenis. \u0160\u012f veiksm\u0105 gal\u0117sime atlikti, jei nebus kit\u0173 teis\u0117s akt\u0173, kurie \u012fpareigoja duomenis saugoti.<\/li>\n<li>Turite teis\u0119 papra\u0161yti apriboti duomen\u0173 tvarkym\u0105. Pavyzd\u017eiui, kol i\u0161siai\u0161kinsime netikslumus.<\/li>\n<li>Turite teis\u0119 papra\u0161yti perkelti duomenis.<\/li>\n<li>Turite teis\u0119 nesutikti, kad mes tvarkytum\u0117me J\u016bs\u0173 duomenis, taip pat bet kada at\u0161aukti duotus sutikimus.<\/li>\n<li>Turite teis\u0119 nesutikti su automatiniu sprendim\u0173 pri\u0117mimu, tame tarpe profiliavimas, kurie Jums turi \u017eenklias pasekmes. \u0160iuo metu Bendrov\u0117 netaiko tokio sprendim\u0173 pri\u0117mimo.<\/li>\n<\/ul>\n<h5>8.2 Pareigos<\/h5>\n<p>Atkreipiame d\u0117mes\u012f, kad nor\u0117dami \u012fgyvendinti J\u016bs\u0173 teises, tur\u0117sime nustatyti J\u016bs\u0173 tapatyb\u0119, tod\u0117l tur\u0117site pateikti duomenis apie save.<\/p>\n<p>Jei u\u017eklausos apimtis bus didel\u0117, galime papra\u0161yti mokes\u010dio u\u017e u\u017eklausos \u012fgyvendinim\u0105.<\/p>\n<p>Bendrovei veikiant kaip duomen\u0173 tvarkytojui, veikiame pagal duomen\u0173 valdytojo nurodymus ir duomen\u0173 tvarkymo susitarimo nuostatas.<\/p>\n<p>J\u016bs esate atsakingi, kad J\u016bs\u0173 mums pateikti duomenys b\u016bt\u0173 tiksl\u016bs, teisingi ir i\u0161sam\u016bs. Jeigu pasikei\u010dia J\u016bs\u0173 pateikti duomenys, J\u016bs turite nedelsdamas mus apie tai informuoti elektroniniu pa\u0161tu. Mes jokiu atveju neb\u016bsime atsakingi u\u017e \u017eal\u0105, atsiradusi\u0105 Jums d\u0117l to, jog J\u016bs nurod\u0117te neteisingus ar nei\u0161samius asmens duomenis arba neinformavote m\u016bs\u0173 jiems pasikeitus.<\/p>\n<h4>9. KAM IR KADA GALIME PERDUOTI J\u016aS\u0172 DUOMENIS?<\/h4>\n<p>J\u016bs\u0173 asmens duomenis galime perduoti, kai:<\/p>\n<ul>\n<li>J\u016bs i\u0161rei\u0161k\u0117te sutikim\u0105 perdavimui;<\/li>\n<li>tai turime daryti \u012fstatym\u0173 numatyta tvarka, kai to reikalauja vald\u017eios \/ teis\u0117saugos institucija \/ ikiteismin\u012f tyrim\u0105 atliekanti institucija, teismas ar j\u0173 atstovai, \u012ftarus nusikalstam\u0105 veik\u0105, kilus gin\u010dui, pvz., VMI, Registr\u0173 centras, FNTT, Policija, Gin\u010d\u0173 komisija, kriminalin\u0117s \u017evalgybos institucijos, kt.<\/li>\n<li>pasitelkiame duomen\u0173 tvarkytoj\u0105 tam tikroms duomen\u0173 tvarkymo operacijoms:\n<ul>\n<li>audito bendrov\u0117ms;<\/li>\n<li>veiklos, saugumo, proces\u0173 ir kt. konsultantams;<\/li>\n<li>teisines ir skol\u0173 i\u0161ie\u0161kojimo \/ per\u0117mimo pirkimo paslaugas teikiantiems subjektams, centrinei hipotekos \u012fstaigai;<\/li>\n<li>bankams, kredito unijoms ir kitoms finansines paslaugas teikian\u010dioms bendrov\u0117ms;<\/li>\n<li>draudimo bendrov\u0117s;<\/li>\n<li>informacini\u0173 technologij\u0173 paslaugas teikian\u010dioms bendrov\u0117ms;<\/li>\n<li>archyvavimo paslaug\u0173 subjektams;<\/li>\n<li>buhalterini\u0173 paslaug\u0173 subjektams;<\/li>\n<li>ry\u0161i\u0173 paslaug\u0173 subjektams;<\/li>\n<li>fizin\u0117s apsaugos paslaugas teikiantiems subjektams;<\/li>\n<li>bendrov\u0117s versl\u0105 ar jo dal\u012f parduodant, reorganizuojant ar kitaip pertvarkant \u2013 suinteresuotoms \u0161alims;<\/li>\n<li>kt.<\/li>\n<\/ul>\n<\/li>\n<\/ul>\n<p>Visi J\u016bs\u0173 duomenys tvarkomi Europos Ekonomin\u0117s Bendrijos ribose, neperduodami \u012f tre\u010di\u0105sias \u0161alis. Esant poreikiui perduoti \u012f kitas \u0161alis, galime remtis Europos Komisijos sprendimu d\u0117l tinkamumo (jei remiantis Europos Komisijos sprendimu konkre\u010dioje valstyb\u0117je, kurioje duomen\u0173 gav\u0117jas yra \u012fsisteig\u0119s ir (ar) vykdo veikl\u0105, u\u017etikrinamas tinkamas duomen\u0173 apsaugos lygis). Taip pat gali b\u016bti naudojami kiti tinkam\u0105 duomen\u0173 apsaug\u0105 u\u017etikrinantys mechanizmai, pvz., standartin\u0117s asmens duomen\u0173 apsaugos teis\u0117s aktuose \u012ftvirtintos sutarties s\u0105lygos.<\/p>\n<h4>10. INFORMACIJOS APSAUGA<\/h4>\n<p>Bendrov\u0117s tinklapiuose paskelbta informacija, jos kopijavimas, atgaminimas, nuorodos \u012f j\u0105 leid\u017eiamos tik su ra\u0161ti\u0161ku Bendrov\u0117s leidimu. J\u012f galima gauti kreipiantis \u012f <a href=\"mailto:info@enesola.lt\">info@enesola.lt<\/a> . \u0160is leidimas nerei\u0161kia autorini\u0173 ar turtini\u0173 teisi\u0173 \u012f med\u017eiag\u0105 perdavimo.<\/p>\n<h4>11. KUR IR KAIP GALITE KREIPTIS?<\/h4>\n<p>D\u0117l savo teisi\u0173 \u012fgyvendinimo galite kreiptis Jums patogiu b\u016bdu:<\/p>\n<ul>\n<li>pa\u0161tu: <a href=\"mailto:dap@enesola.lt\">dap@enesola.lt<\/a><\/li>\n<li>Pa\u0161tu adresu Student\u0173 g. 65-308, 51369 Kaunas<\/li>\n<li>Atvyk\u0119 \u012f m\u016bs\u0173 buvein\u0119 adresu Student\u0173 g. 65-308, 51369 Kaunas<\/li>\n<\/ul>\n<p><strong>Visada stengsim\u0117s surasti abiem pus\u0117ms tinkam\u0105 sprendim\u0105<\/strong>, ta\u010diau jei vis d\u0117lto m\u016bs\u0173 veiksmai ar neveikimas kelia Jums klausim\u0173, visada galite kreiptis \u012f Valstybin\u0119 Duomen\u0173 Apsaugos Inspekcij\u0105 (smulkesn\u0117 informacija adresu <a href=\"https:\/\/vdai.lrv.lt\">https:\/\/vdai.lrv.lt<\/a>).<\/p>\n<h4>12. PRIVATUMO PRANE\u0160IMO GALIOJIMAS IR PER\u017dI\u016aRA<\/h4>\n<p>Mes reguliariai per\u017ei\u016brime, ar \u0161is Privatumo prane\u0161imas atitinka teis\u0117s aktus ir Bendrov\u0117s tvarkomus asmens duomenis.<\/p>\n<p>Mes galime bet kada atnaujinti ar pakeisti \u0161\u012f Privatumo prane\u0161im\u0105. Toks atnaujintas ar pakeistas Privatumo prane\u0161imas \u012fsigalios nuo jo paskelbimo m\u016bs\u0173 Interneto svetain\u0117je ar programin\u0117je \u012frangoje.<\/p>\n<p>\u0160io privatumo prane\u0161imo paskutinio redagavimo data 2021-08-30.<\/p>\n","protected":false},"excerpt":{"rendered":"<p>PRIVATUMO PRANE\u0160IMAS 1. \u012e\u017dANGA Mes, UAB \u201eEnesola\u201c (toliau &#8211; Bendrov\u0117), rimtai r\u016bpinam\u0117s J\u016bs\u0173 asmens duomen\u0173 saugumu (asmens duomenys rei\u0161kia bet koki\u0105 informacij\u0105, kuri yra susijusi su identifikuotu ar galimu identifikuoti gyvu \u017emogumi, kaip vardas, pavard\u0117, adresas, el. pa\u0161to adresas, elgsena interneto svetain\u0117je ir pan.). \u017demiau pateikiamas privatumo prane\u0161imas yra skirtas visiems asmenims, kurie susisiekia, dirba, siekia kandidatuoti ar kitaip bendradarbiauja su Bendrove, naudojasi Bendrov\u0117s paslaugomis ar kokiu kitokiu b\u016bdu pateikia savo asmens duomenis Bendrovei. \u0160is privatumo prane\u0161imas yra sukurtas remiantis galiojan\u010diais teis\u0117s aktais ir rekomendacijomis, kaip Bendrasis Duomen\u0173 Apsaugos Reglamentas (toliau &#8211; BDAR), Asmens duomen\u0173 teisin\u0117s apsaugos \u012fstatymas, Valstybin\u0117s Duomen\u0173 [&hellip;]<\/p>\n","protected":false},"author":1,"featured_media":0,"parent":0,"menu_order":0,"comment_status":"closed","ping_status":"closed","template":"","meta":{"footnotes":""},"class_list":["post-3","page","type-page","status-publish","hentry"],"_links":{"self":[{"href":"https:\/\/www.on-cloud.pro\/index.php\/wp-json\/wp\/v2\/pages\/3"}],"collection":[{"href":"https:\/\/www.on-cloud.pro\/index.php\/wp-json\/wp\/v2\/pages"}],"about":[{"href":"https:\/\/www.on-cloud.pro\/index.php\/wp-json\/wp\/v2\/types\/page"}],"author":[{"embeddable":true,"href":"https:\/\/www.on-cloud.pro\/index.php\/wp-json\/wp\/v2\/users\/1"}],"replies":[{"embeddable":true,"href":"https:\/\/www.on-cloud.pro\/index.php\/wp-json\/wp\/v2\/comments?post=3"}],"version-history":[{"count":5,"href":"https:\/\/www.on-cloud.pro\/index.php\/wp-json\/wp\/v2\/pages\/3\/revisions"}],"predecessor-version":[{"id":3552,"href":"https:\/\/www.on-cloud.pro\/index.php\/wp-json\/wp\/v2\/pages\/3\/revisions\/3552"}],"wp:attachment":[{"href":"https:\/\/www.on-cloud.pro\/index.php\/wp-json\/wp\/v2\/media?parent=3"}],"curies":[{"name":"wp","href":"https:\/\/api.w.org\/{rel}","templated":true}]}}